{"id":1021,"date":"2023-04-20T11:10:41","date_gmt":"2023-04-20T09:10:41","guid":{"rendered":"https:\/\/mewa.nysa.pl\/?page_id=1021"},"modified":"2023-04-20T12:20:40","modified_gmt":"2023-04-20T10:20:40","slug":"jedzenie-na-dowoz","status":"publish","type":"page","link":"https:\/\/mewa.nysa.pl\/cs\/restauracje\/jedzenie-na-dowoz\/","title":{"rendered":"Dovoz j\u00eddla"},"content":{"rendered":"","protected":false},"excerpt":{"rendered":"","protected":false},"author":3,"featured_media":1028,"parent":1013,"menu_order":0,"comment_status":"closed","ping_status":"closed","template":"","meta":{"footnotes":""},"class_list":["post-1021","page","type-page","status-publish","has-post-thumbnail","hentry"],"acf":[],"yoast_head":"<!-- This site is optimized with the Yoast SEO plugin v23.4 - https:\/\/yoast.com\/wordpress\/plugins\/seo\/ -->\n<title>Jedzenie na dow\u00f3z - O\u015brodek Wypoczynkowy Mewa<\/title>\n<meta name=\"description\" content=\"O\u015brodek Wypoczynkowy Mewa mie\u015bci si\u0119 w Skorochowie - niewielkiej wsi, po\u0142o\u017conej nad jeziorem Nyskim. To ca\u0142oroczny, kameralny o\u015brodek domk\u00f3w i apartament\u00f3w, zaledwie 50m od Jeziora Nyskiego w Skorochowie. Miejsce doskona\u0142e na rodzinny wypoczynek z dzie\u0107mi oraz dla os\u00f3b ceni\u0105cych sobie spok\u00f3j, z dala od zgie\u0142ku miejskiego \u017cycia.\" \/>\n<meta name=\"robots\" content=\"index, follow, max-snippet:-1, max-image-preview:large, max-video-preview:-1\" \/>\n<link rel=\"canonical\" href=\"https:\/\/mewa.nysa.pl\/cs\/restauracje\/jedzenie-na-dowoz\/\" \/>\n<meta name=\"twitter:card\" content=\"summary_large_image\" \/>\n<meta name=\"twitter:title\" content=\"Jedzenie na dow\u00f3z - O\u015brodek Wypoczynkowy Mewa\" \/>\n<meta name=\"twitter:description\" content=\"O\u015brodek Wypoczynkowy Mewa mie\u015bci si\u0119 w Skorochowie - niewielkiej wsi, po\u0142o\u017conej nad jeziorem Nyskim. To ca\u0142oroczny, kameralny o\u015brodek domk\u00f3w i apartament\u00f3w, zaledwie 50m od Jeziora Nyskiego w Skorochowie. Miejsce doskona\u0142e na rodzinny wypoczynek z dzie\u0107mi oraz dla os\u00f3b ceni\u0105cych sobie spok\u00f3j, z dala od zgie\u0142ku miejskiego \u017cycia.\" \/>\n<meta name=\"twitter:image\" content=\"https:\/\/mewa.nysa.pl\/wp-content\/uploads\/2023\/04\/food-delivery-lunch-2022-11-15-17-05-56-utc-1-min.jpg\" \/>\n<script type=\"application\/ld+json\" class=\"yoast-schema-graph\">{\"@context\":\"https:\/\/schema.org\",\"@graph\":[{\"@type\":\"WebPage\",\"@id\":\"https:\/\/mewa.nysa.pl\/restauracje\/jedzenie-na-dowoz\/\",\"url\":\"https:\/\/mewa.nysa.pl\/restauracje\/jedzenie-na-dowoz\/\",\"name\":\"Jedzenie na dow\u00f3z - O\u015brodek Wypoczynkowy Mewa\",\"isPartOf\":{\"@id\":\"https:\/\/mewa.nysa.pl\/#website\"},\"primaryImageOfPage\":{\"@id\":\"https:\/\/mewa.nysa.pl\/restauracje\/jedzenie-na-dowoz\/#primaryimage\"},\"image\":{\"@id\":\"https:\/\/mewa.nysa.pl\/restauracje\/jedzenie-na-dowoz\/#primaryimage\"},\"thumbnailUrl\":\"https:\/\/mewa.nysa.pl\/wp-content\/uploads\/2023\/04\/food-delivery-lunch-2022-11-15-17-05-56-utc-1-min.jpg\",\"datePublished\":\"2023-04-20T09:10:41+00:00\",\"dateModified\":\"2023-04-20T10:20:40+00:00\",\"description\":\"O\u015brodek Wypoczynkowy Mewa mie\u015bci si\u0119 w Skorochowie - niewielkiej wsi, po\u0142o\u017conej nad jeziorem Nyskim. To ca\u0142oroczny, kameralny o\u015brodek domk\u00f3w i apartament\u00f3w, zaledwie 50m od Jeziora Nyskiego w Skorochowie. Miejsce doskona\u0142e na rodzinny wypoczynek z dzie\u0107mi oraz dla os\u00f3b ceni\u0105cych sobie spok\u00f3j, z dala od zgie\u0142ku miejskiego \u017cycia.\",\"breadcrumb\":{\"@id\":\"https:\/\/mewa.nysa.pl\/restauracje\/jedzenie-na-dowoz\/#breadcrumb\"},\"inLanguage\":\"cs\",\"potentialAction\":[{\"@type\":\"ReadAction\",\"target\":[\"https:\/\/mewa.nysa.pl\/restauracje\/jedzenie-na-dowoz\/\"]}]},{\"@type\":\"ImageObject\",\"inLanguage\":\"cs\",\"@id\":\"https:\/\/mewa.nysa.pl\/restauracje\/jedzenie-na-dowoz\/#primaryimage\",\"url\":\"https:\/\/mewa.nysa.pl\/wp-content\/uploads\/2023\/04\/food-delivery-lunch-2022-11-15-17-05-56-utc-1-min.jpg\",\"contentUrl\":\"https:\/\/mewa.nysa.pl\/wp-content\/uploads\/2023\/04\/food-delivery-lunch-2022-11-15-17-05-56-utc-1-min.jpg\",\"width\":1920,\"height\":711},{\"@type\":\"BreadcrumbList\",\"@id\":\"https:\/\/mewa.nysa.pl\/restauracje\/jedzenie-na-dowoz\/#breadcrumb\",\"itemListElement\":[{\"@type\":\"ListItem\",\"position\":1,\"name\":\"Strona g\u0142\u00f3wna\",\"item\":\"https:\/\/mewa.nysa.pl\/\"},{\"@type\":\"ListItem\",\"position\":2,\"name\":\"Restauracje\",\"item\":\"https:\/\/mewa.nysa.pl\/restauracje\/\"},{\"@type\":\"ListItem\",\"position\":3,\"name\":\"Jedzenie na dow\u00f3z\"}]},{\"@type\":\"WebSite\",\"@id\":\"https:\/\/mewa.nysa.pl\/#website\",\"url\":\"https:\/\/mewa.nysa.pl\/\",\"name\":\"O\u015brodek Wypoczynkowy Mewa\",\"description\":\"Domki nad jeziorem Nyskim\",\"publisher\":{\"@id\":\"https:\/\/mewa.nysa.pl\/#organization\"},\"potentialAction\":[{\"@type\":\"SearchAction\",\"target\":{\"@type\":\"EntryPoint\",\"urlTemplate\":\"https:\/\/mewa.nysa.pl\/?s={search_term_string}\"},\"query-input\":{\"@type\":\"PropertyValueSpecification\",\"valueRequired\":true,\"valueName\":\"search_term_string\"}}],\"inLanguage\":\"cs\"},{\"@type\":\"Organization\",\"@id\":\"https:\/\/mewa.nysa.pl\/#organization\",\"name\":\"O\u015brodek Wypoczynkowy Mewa\",\"url\":\"https:\/\/mewa.nysa.pl\/\",\"logo\":{\"@type\":\"ImageObject\",\"inLanguage\":\"cs\",\"@id\":\"https:\/\/mewa.nysa.pl\/#\/schema\/logo\/image\/\",\"url\":\"https:\/\/mewa.nysa.pl\/wp-content\/uploads\/2022\/07\/Mewa_logo_v2.png\",\"contentUrl\":\"https:\/\/mewa.nysa.pl\/wp-content\/uploads\/2022\/07\/Mewa_logo_v2.png\",\"width\":225,\"height\":113,\"caption\":\"O\u015brodek Wypoczynkowy Mewa\"},\"image\":{\"@id\":\"https:\/\/mewa.nysa.pl\/#\/schema\/logo\/image\/\"}}]}<\/script>\n<!-- \/ Yoast SEO plugin. -->","yoast_head_json":{"title":"Jedzenie na dow\u00f3z - O\u015brodek Wypoczynkowy Mewa","description":"O\u015brodek Wypoczynkowy Mewa mie\u015bci si\u0119 w Skorochowie - niewielkiej wsi, po\u0142o\u017conej nad jeziorem Nyskim. To ca\u0142oroczny, kameralny o\u015brodek domk\u00f3w i apartament\u00f3w, zaledwie 50m od Jeziora Nyskiego w Skorochowie. Miejsce doskona\u0142e na rodzinny wypoczynek z dzie\u0107mi oraz dla os\u00f3b ceni\u0105cych sobie spok\u00f3j, z dala od zgie\u0142ku miejskiego \u017cycia.","robots":{"index":"index","follow":"follow","max-snippet":"max-snippet:-1","max-image-preview":"max-image-preview:large","max-video-preview":"max-video-preview:-1"},"canonical":"https:\/\/mewa.nysa.pl\/cs\/restauracje\/jedzenie-na-dowoz\/","twitter_card":"summary_large_image","twitter_title":"Jedzenie na dow\u00f3z - O\u015brodek Wypoczynkowy Mewa","twitter_description":"O\u015brodek Wypoczynkowy Mewa mie\u015bci si\u0119 w Skorochowie - niewielkiej wsi, po\u0142o\u017conej nad jeziorem Nyskim. To ca\u0142oroczny, kameralny o\u015brodek domk\u00f3w i apartament\u00f3w, zaledwie 50m od Jeziora Nyskiego w Skorochowie. Miejsce doskona\u0142e na rodzinny wypoczynek z dzie\u0107mi oraz dla os\u00f3b ceni\u0105cych sobie spok\u00f3j, z dala od zgie\u0142ku miejskiego \u017cycia.","twitter_image":"https:\/\/mewa.nysa.pl\/wp-content\/uploads\/2023\/04\/food-delivery-lunch-2022-11-15-17-05-56-utc-1-min.jpg","schema":{"@context":"https:\/\/schema.org","@graph":[{"@type":"WebPage","@id":"https:\/\/mewa.nysa.pl\/restauracje\/jedzenie-na-dowoz\/","url":"https:\/\/mewa.nysa.pl\/restauracje\/jedzenie-na-dowoz\/","name":"Jedzenie na dow\u00f3z - O\u015brodek Wypoczynkowy Mewa","isPartOf":{"@id":"https:\/\/mewa.nysa.pl\/#website"},"primaryImageOfPage":{"@id":"https:\/\/mewa.nysa.pl\/restauracje\/jedzenie-na-dowoz\/#primaryimage"},"image":{"@id":"https:\/\/mewa.nysa.pl\/restauracje\/jedzenie-na-dowoz\/#primaryimage"},"thumbnailUrl":"https:\/\/mewa.nysa.pl\/wp-content\/uploads\/2023\/04\/food-delivery-lunch-2022-11-15-17-05-56-utc-1-min.jpg","datePublished":"2023-04-20T09:10:41+00:00","dateModified":"2023-04-20T10:20:40+00:00","description":"O\u015brodek Wypoczynkowy Mewa mie\u015bci si\u0119 w Skorochowie - niewielkiej wsi, po\u0142o\u017conej nad jeziorem Nyskim. To ca\u0142oroczny, kameralny o\u015brodek domk\u00f3w i apartament\u00f3w, zaledwie 50m od Jeziora Nyskiego w Skorochowie. Miejsce doskona\u0142e na rodzinny wypoczynek z dzie\u0107mi oraz dla os\u00f3b ceni\u0105cych sobie spok\u00f3j, z dala od zgie\u0142ku miejskiego \u017cycia.","breadcrumb":{"@id":"https:\/\/mewa.nysa.pl\/restauracje\/jedzenie-na-dowoz\/#breadcrumb"},"inLanguage":"cs","potentialAction":[{"@type":"ReadAction","target":["https:\/\/mewa.nysa.pl\/restauracje\/jedzenie-na-dowoz\/"]}]},{"@type":"ImageObject","inLanguage":"cs","@id":"https:\/\/mewa.nysa.pl\/restauracje\/jedzenie-na-dowoz\/#primaryimage","url":"https:\/\/mewa.nysa.pl\/wp-content\/uploads\/2023\/04\/food-delivery-lunch-2022-11-15-17-05-56-utc-1-min.jpg","contentUrl":"https:\/\/mewa.nysa.pl\/wp-content\/uploads\/2023\/04\/food-delivery-lunch-2022-11-15-17-05-56-utc-1-min.jpg","width":1920,"height":711},{"@type":"BreadcrumbList","@id":"https:\/\/mewa.nysa.pl\/restauracje\/jedzenie-na-dowoz\/#breadcrumb","itemListElement":[{"@type":"ListItem","position":1,"name":"Strona g\u0142\u00f3wna","item":"https:\/\/mewa.nysa.pl\/"},{"@type":"ListItem","position":2,"name":"Restauracje","item":"https:\/\/mewa.nysa.pl\/restauracje\/"},{"@type":"ListItem","position":3,"name":"Jedzenie na dow\u00f3z"}]},{"@type":"WebSite","@id":"https:\/\/mewa.nysa.pl\/#website","url":"https:\/\/mewa.nysa.pl\/","name":"O\u015brodek Wypoczynkowy Mewa","description":"Domki nad jeziorem Nyskim","publisher":{"@id":"https:\/\/mewa.nysa.pl\/#organization"},"potentialAction":[{"@type":"SearchAction","target":{"@type":"EntryPoint","urlTemplate":"https:\/\/mewa.nysa.pl\/?s={search_term_string}"},"query-input":{"@type":"PropertyValueSpecification","valueRequired":true,"valueName":"search_term_string"}}],"inLanguage":"cs"},{"@type":"Organization","@id":"https:\/\/mewa.nysa.pl\/#organization","name":"O\u015brodek Wypoczynkowy Mewa","url":"https:\/\/mewa.nysa.pl\/","logo":{"@type":"ImageObject","inLanguage":"cs","@id":"https:\/\/mewa.nysa.pl\/#\/schema\/logo\/image\/","url":"https:\/\/mewa.nysa.pl\/wp-content\/uploads\/2022\/07\/Mewa_logo_v2.png","contentUrl":"https:\/\/mewa.nysa.pl\/wp-content\/uploads\/2022\/07\/Mewa_logo_v2.png","width":225,"height":113,"caption":"O\u015brodek Wypoczynkowy Mewa"},"image":{"@id":"https:\/\/mewa.nysa.pl\/#\/schema\/logo\/image\/"}}]}},"_links":{"self":[{"href":"https:\/\/mewa.nysa.pl\/cs\/wp-json\/wp\/v2\/pages\/1021"}],"collection":[{"href":"https:\/\/mewa.nysa.pl\/cs\/wp-json\/wp\/v2\/pages"}],"about":[{"href":"https:\/\/mewa.nysa.pl\/cs\/wp-json\/wp\/v2\/types\/page"}],"author":[{"embeddable":true,"href":"https:\/\/mewa.nysa.pl\/cs\/wp-json\/wp\/v2\/users\/3"}],"replies":[{"embeddable":true,"href":"https:\/\/mewa.nysa.pl\/cs\/wp-json\/wp\/v2\/comments?post=1021"}],"version-history":[{"count":1,"href":"https:\/\/mewa.nysa.pl\/cs\/wp-json\/wp\/v2\/pages\/1021\/revisions"}],"predecessor-version":[{"id":1022,"href":"https:\/\/mewa.nysa.pl\/cs\/wp-json\/wp\/v2\/pages\/1021\/revisions\/1022"}],"up":[{"embeddable":true,"href":"https:\/\/mewa.nysa.pl\/cs\/wp-json\/wp\/v2\/pages\/1013"}],"wp:featuredmedia":[{"embeddable":true,"href":"https:\/\/mewa.nysa.pl\/cs\/wp-json\/wp\/v2\/media\/1028"}],"wp:attachment":[{"href":"https:\/\/mewa.nysa.pl\/cs\/wp-json\/wp\/v2\/media?parent=1021"}],"curies":[{"name":"wp","href":"https:\/\/api.w.org\/{rel}","templated":true}]}}