{"id":416,"date":"2022-02-02T10:36:34","date_gmt":"2022-02-02T09:36:34","guid":{"rendered":"https:\/\/mewa.nysa.pl\/?page_id=416"},"modified":"2023-03-17T08:22:22","modified_gmt":"2023-03-17T07:22:22","slug":"atrakcje","status":"publish","type":"page","link":"https:\/\/mewa.nysa.pl\/cs\/atrakcje\/","title":{"rendered":"Atrakce"},"content":{"rendered":"<section id=\"section-2-414\" class=\"ct-section\" style=\"background-image:linear-gradient(rgba(0,0,0,0.4), rgba(0,0,0,0.4)), url(https:\/\/mewa.nysa.pl\/wp-content\/uploads\/2022\/08\/Budynki-min.jpg);background-size:auto,  cover;\" ><div class=\"ct-section-inner-wrap\"><div id=\"div_block-3-414\" class=\"ct-div-block hero\" ><h1 id=\"headline-5-414\" class=\"ct-headline hero-title homePage\">Okol\u00ed<\/h1><div id=\"text_block-6-414\" class=\"ct-text-block hero-text\" >Atrakce v okol\u00ed.<\/div><\/div><div id=\"code_block-1-558\" class=\"ct-code-block\" ><\/div><\/div><\/section><section id=\"section-8-414\" class=\"ct-section section\" ><div class=\"ct-section-inner-wrap\"><div id=\"div_block-9-414\" class=\"ct-div-block w50 imgContainer\" ><div id=\"div_block-10-414\" class=\"ct-div-block about-imgBig\" ><img decoding=\"async\"  id=\"image-11-414\" alt=\"\" src=\"https:\/\/mewa.nysa.pl\/wp-content\/uploads\/2022\/07\/min-sail.jpg\" class=\"ct-image cover-image\"\/><\/div><div id=\"div_block-12-414\" class=\"ct-div-block about-imgSmall\" ><img decoding=\"async\"  id=\"image-13-414\" alt=\"\" src=\"https:\/\/mewa.nysa.pl\/wp-content\/uploads\/2022\/07\/JEZIORO-NYSKIE-1024x740-1.jpg\" class=\"ct-image cover-image\"\/><\/div><\/div><div id=\"div_block-14-414\" class=\"ct-div-block w50 textContainer\" ><div id=\"text_block-15-414\" class=\"ct-text-block subtitle\" >Okol\u00ed<\/div><div id=\"text_block-16-414\" class=\"ct-text-block title\" >Malebn\u00e9 m\u00edsto<\/div><div id=\"text_block-17-414\" class=\"ct-text-block txt\" >Skoroch\u00f3w a jeho okol\u00ed nab\u00edz\u00ed mnoho p\u0159\u00edle\u017eitost\u00ed k tr\u00e1ven\u00ed \u010dasu. M\u016f\u017eete relaxovat na pl\u00e1\u017ei, vyu\u017e\u00edt \u0161irok\u00e9 nab\u00eddky vodn\u00edch sport\u016f a plavit se po jeze\u0159e. M\u00e1te-li trochu v\u00edce \u010dasu, stoj\u00ed za to vyrazit do nedalek\u00e9 Nysy a pod\u00edvat se na zaj\u00edmavosti, jako je historick\u00e1 studna, font\u00e1na Triton a \u010detn\u00e9 n\u00e1bo\u017eensk\u00e9 pam\u00e1tky.\n<\/div><\/div><\/div><\/section><section id=\"section-979-416\" class=\"ct-section\" style=\"background-image:linear-gradient(rgba(255,255,255,0.81), rgba(255,255,255,0.81)), url(https:\/\/mewa.nysa.pl\/wp-content\/uploads\/2022\/02\/bg3.jpg);background-size:auto,  cover;\" ><div class=\"ct-section-inner-wrap\"><div id=\"text_block-980-416\" class=\"ct-text-block subtitle\" >Pod\u00edvejte se, co vid\u011bt<\/div><div id=\"text_block-981-416\" class=\"ct-text-block title\" >Vybran\u00e9 atrakce<\/div><div id=\"div_block-982-416\" class=\"ct-div-block\" ><div id=\"div_block-983-416\" class=\"ct-div-block card\" ><div id=\"div_block-984-416\" class=\"ct-div-block offert-tile\" ><div id=\"div_block-985-416\" class=\"ct-div-block offert-tile-img\" ><img decoding=\"async\"  id=\"image-986-416\" alt=\"\" src=\"https:\/\/mewa.nysa.pl\/wp-content\/uploads\/2023\/03\/9.Festiwal-Ognia-i-Wody-Sredni.jpg\" class=\"ct-image cover-image\"\/><\/div><a id=\"link-987-416\" class=\"ct-link offert-details\" href=\"https:\/\/mewa.nysa.pl\/cs\/atrakcje\/jezioro-nyskie\/\" target=\"_self\"  ><div id=\"text_block-988-416\" class=\"ct-text-block offert-subtite\" >Atrakce<\/div><div id=\"text_block-989-416\" class=\"ct-text-block offert-title\" >Nedaleko jezera<\/div><div id=\"div_block-990-416\" class=\"ct-div-block details-hidden\" ><div id=\"text_block-991-416\" class=\"ct-text-block txt hidden\" >Je jedno, jestli aktivn\u011b nebo ne. Pod\u00edvejte se, jak tr\u00e1vit \u010das u jezera.<\/div><\/div><\/a><div id=\"div_block-993-416\" class=\"ct-div-block offert-overlay\" ><\/div><\/div><\/div><div id=\"div_block-994-416\" class=\"ct-div-block card\" ><div id=\"div_block-995-416\" class=\"ct-div-block offert-tile\" ><div id=\"div_block-996-416\" class=\"ct-div-block offert-tile-img\" ><img decoding=\"async\"  id=\"image-997-416\" alt=\"\" src=\"https:\/\/mewa.nysa.pl\/wp-content\/uploads\/2023\/03\/10.Miejscowosc-Nysa-Sredni.jpg\" class=\"ct-image cover-image\"\/><\/div><a id=\"link-998-416\" class=\"ct-link offert-details\" href=\"https:\/\/mewa.nysa.pl\/cs\/atrakcje\/nysa\/\" target=\"_self\"  ><div id=\"text_block-999-416\" class=\"ct-text-block offert-subtite\" >Co d\u011blat ve m\u011bst\u011b<\/div><div id=\"text_block-1000-416\" class=\"ct-text-block offert-title\" >Nysa<\/div><div id=\"div_block-1001-416\" class=\"ct-div-block details-hidden\" ><div id=\"text_block-1002-416\" class=\"ct-text-block txt hidden\" >Nejd\u016fle\u017eit\u011bj\u0161\u00ed atrakce v Nyse<\/div><\/div><\/a><div id=\"div_block-1004-416\" class=\"ct-div-block offert-overlay\" ><\/div><\/div><\/div><div id=\"div_block-1005-416\" class=\"ct-div-block card\" ><div id=\"div_block-1006-416\" class=\"ct-div-block offert-tile\" ><div id=\"div_block-1007-416\" class=\"ct-div-block offert-tile-img\" ><img decoding=\"async\"  id=\"image-1008-416\" alt=\"\" src=\"https:\/\/mewa.nysa.pl\/wp-content\/uploads\/2024\/05\/kayak-with-a-paddle-on-the-river-2024-05-13-05-24-27-utc.jpg\" class=\"ct-image cover-image\"\/><\/div><a id=\"link-1009-416\" class=\"ct-link offert-details\" href=\"https:\/\/www.facebook.com\/profile.php?id=100047917183089\" target=\"_self\"  ><div id=\"text_block-1010-416\" class=\"ct-text-block offert-subtite\" >Atrakce<\/div><div id=\"text_block-1011-416\" class=\"ct-text-block offert-title\" >V\u00fdlet na kajaku<br><\/div><div id=\"div_block-1012-416\" class=\"ct-div-block details-hidden\" ><div id=\"text_block-1013-416\" class=\"ct-text-block txt hidden\" >Pod\u00edvejte se na n\u00e1\u0161 v\u00fdlet na kajaku<br><\/div><\/div><\/a><div id=\"div_block-1015-416\" class=\"ct-div-block offert-overlay\" ><\/div><\/div><\/div><div id=\"div_block-1016-416\" class=\"ct-div-block card\" ><div id=\"div_block-1017-416\" class=\"ct-div-block offert-tile\" ><div id=\"div_block-1018-416\" class=\"ct-div-block offert-tile-img\" ><img decoding=\"async\"  id=\"image-1019-416\" alt=\"\" src=\"https:\/\/mewa.nysa.pl\/wp-content\/uploads\/2024\/05\/mini-golf-yellow-ball-with-a-bat-near-the-hole-at-2023-11-27-05-13-13-utc-scaled.jpg\" class=\"ct-image cover-image\"\/><\/div><a id=\"link-1020-416\" class=\"ct-link offert-details\" href=\"https:\/\/marinapark.nysa.pl\/\" target=\"_self\"  ><div id=\"text_block-1021-416\" class=\"ct-text-block offert-subtite\" >Atrakce<\/div><div id=\"text_block-1022-416\" class=\"ct-text-block offert-title\" >Rodinn\u00fd z\u00e1bavn\u00ed park<br><\/div><div id=\"div_block-1023-416\" class=\"ct-div-block details-hidden\" ><div id=\"text_block-1024-416\" class=\"ct-text-block txt hidden\" >Pod\u00edvejte se na &quot;Marina Park&quot; rodinn\u00fd z\u00e1bavn\u00ed park!<br><\/div><\/div><\/a><div id=\"div_block-1026-416\" class=\"ct-div-block offert-overlay\" ><\/div><\/div><\/div><div id=\"div_block-1027-416\" class=\"ct-div-block card\" ><div id=\"div_block-1028-416\" class=\"ct-div-block offert-tile\" ><div id=\"div_block-1029-416\" class=\"ct-div-block offert-tile-img\" ><img decoding=\"async\"  id=\"image-1030-416\" alt=\"\" src=\"https:\/\/mewa.nysa.pl\/wp-content\/uploads\/2024\/05\/male-hands-setting-a-blue-white-and-yellow-beach-v-2023-11-27-05-18-35-utc-scaled.jpg\" class=\"ct-image cover-image\"\/><\/div><a id=\"link-1031-416\" class=\"ct-link offert-details\" href=\"https:\/\/beachvolleynysa.pl\/\" target=\"_self\"  ><div id=\"text_block-1032-416\" class=\"ct-text-block offert-subtite\" >Atrakce<\/div><div id=\"text_block-1033-416\" class=\"ct-text-block offert-title\" >Pl\u00e1\u017eov\u00fd volejbal<\/div><div id=\"div_block-1034-416\" class=\"ct-div-block details-hidden\" ><div id=\"text_block-1035-416\" class=\"ct-text-block txt hidden\" >Zastavte se u &quot;pl\u00e1\u017eov\u00e9ho volejbalu&quot; u jezera Nysa<br><\/div><\/div><\/a><div id=\"div_block-1037-416\" class=\"ct-div-block offert-overlay\" ><\/div><\/div><\/div><div id=\"div_block-1038-416\" class=\"ct-div-block card\" ><div id=\"div_block-1039-416\" class=\"ct-div-block offert-tile\" ><div id=\"div_block-1040-416\" class=\"ct-div-block offert-tile-img\" ><img decoding=\"async\"  id=\"image-1041-416\" alt=\"\" src=\"https:\/\/mewa.nysa.pl\/wp-content\/uploads\/2024\/05\/soft-focus-of-an-empty-swing-set-at-a-park-with-ye-2023-11-27-05-15-51-utc.jpg\" class=\"ct-image cover-image\"\/><\/div><div id=\"link-1042-416\" class=\"ct-div-block offert-details\" ><div id=\"text_block-1043-416\" class=\"ct-text-block offert-subtite\" >Skorochow 5A<\/div><div id=\"text_block-1044-416\" class=\"ct-text-block offert-title\" >D\u011btsk\u00e9 h\u0159i\u0161t\u011b<br><\/div><div id=\"div_block-1045-416\" class=\"ct-div-block details-hidden\" ><div id=\"text_block-1046-416\" class=\"ct-text-block txt hidden\" >P\u0159ij\u010fte se sv\u00fdmi d\u011btmi na h\u0159i\u0161t\u011b<br><\/div><\/div><\/div><div id=\"div_block-1048-416\" class=\"ct-div-block offert-overlay\" ><\/div><\/div><\/div><\/div><\/div><\/section>","protected":false},"excerpt":{"rendered":"","protected":false},"author":3,"featured_media":842,"parent":0,"menu_order":3,"comment_status":"closed","ping_status":"closed","template":"","meta":{"footnotes":""},"class_list":["post-416","page","type-page","status-publish","has-post-thumbnail","hentry"],"acf":[],"yoast_head":"<!-- This site is optimized with the Yoast SEO plugin v23.4 - https:\/\/yoast.com\/wordpress\/plugins\/seo\/ -->\n<title>Atrakcje - O\u015brodek Wypoczynkowy Mewa<\/title>\n<meta name=\"description\" content=\"O\u015brodek Wypoczynkowy Mewa mie\u015bci si\u0119 w Skorochowie - niewielkiej wsi, po\u0142o\u017conej nad jeziorem Nyskim. To ca\u0142oroczny, kameralny o\u015brodek domk\u00f3w i apartament\u00f3w, zaledwie 50m od Jeziora Nyskiego w Skorochowie. Miejsce doskona\u0142e na rodzinny wypoczynek z dzie\u0107mi oraz dla os\u00f3b ceni\u0105cych sobie spok\u00f3j, z dala od zgie\u0142ku miejskiego \u017cycia.\" \/>\n<meta name=\"robots\" content=\"index, follow, max-snippet:-1, max-image-preview:large, max-video-preview:-1\" \/>\n<link rel=\"canonical\" href=\"https:\/\/mewa.nysa.pl\/cs\/atrakcje\/\" \/>\n<meta name=\"twitter:card\" content=\"summary_large_image\" \/>\n<meta name=\"twitter:title\" content=\"Atrakcje - O\u015brodek Wypoczynkowy Mewa\" \/>\n<meta name=\"twitter:description\" content=\"O\u015brodek Wypoczynkowy Mewa mie\u015bci si\u0119 w Skorochowie - niewielkiej wsi, po\u0142o\u017conej nad jeziorem Nyskim. To ca\u0142oroczny, kameralny o\u015brodek domk\u00f3w i apartament\u00f3w, zaledwie 50m od Jeziora Nyskiego w Skorochowie. Miejsce doskona\u0142e na rodzinny wypoczynek z dzie\u0107mi oraz dla os\u00f3b ceni\u0105cych sobie spok\u00f3j, z dala od zgie\u0142ku miejskiego \u017cycia.\" \/>\n<meta name=\"twitter:image\" content=\"https:\/\/mewa.nysa.pl\/wp-content\/uploads\/2022\/08\/Budynki-min.jpg\" \/>\n<script type=\"application\/ld+json\" class=\"yoast-schema-graph\">{\"@context\":\"https:\/\/schema.org\",\"@graph\":[{\"@type\":\"WebPage\",\"@id\":\"https:\/\/mewa.nysa.pl\/atrakcje\/\",\"url\":\"https:\/\/mewa.nysa.pl\/atrakcje\/\",\"name\":\"Atrakcje - O\u015brodek Wypoczynkowy Mewa\",\"isPartOf\":{\"@id\":\"https:\/\/mewa.nysa.pl\/#website\"},\"primaryImageOfPage\":{\"@id\":\"https:\/\/mewa.nysa.pl\/atrakcje\/#primaryimage\"},\"image\":{\"@id\":\"https:\/\/mewa.nysa.pl\/atrakcje\/#primaryimage\"},\"thumbnailUrl\":\"https:\/\/mewa.nysa.pl\/wp-content\/uploads\/2022\/08\/Budynki-min.jpg\",\"datePublished\":\"2022-02-02T09:36:34+00:00\",\"dateModified\":\"2023-03-17T07:22:22+00:00\",\"description\":\"O\u015brodek Wypoczynkowy Mewa mie\u015bci si\u0119 w Skorochowie - niewielkiej wsi, po\u0142o\u017conej nad jeziorem Nyskim. To ca\u0142oroczny, kameralny o\u015brodek domk\u00f3w i apartament\u00f3w, zaledwie 50m od Jeziora Nyskiego w Skorochowie. Miejsce doskona\u0142e na rodzinny wypoczynek z dzie\u0107mi oraz dla os\u00f3b ceni\u0105cych sobie spok\u00f3j, z dala od zgie\u0142ku miejskiego \u017cycia.\",\"breadcrumb\":{\"@id\":\"https:\/\/mewa.nysa.pl\/atrakcje\/#breadcrumb\"},\"inLanguage\":\"cs\",\"potentialAction\":[{\"@type\":\"ReadAction\",\"target\":[\"https:\/\/mewa.nysa.pl\/atrakcje\/\"]}]},{\"@type\":\"ImageObject\",\"inLanguage\":\"cs\",\"@id\":\"https:\/\/mewa.nysa.pl\/atrakcje\/#primaryimage\",\"url\":\"https:\/\/mewa.nysa.pl\/wp-content\/uploads\/2022\/08\/Budynki-min.jpg\",\"contentUrl\":\"https:\/\/mewa.nysa.pl\/wp-content\/uploads\/2022\/08\/Budynki-min.jpg\",\"width\":1920,\"height\":600},{\"@type\":\"BreadcrumbList\",\"@id\":\"https:\/\/mewa.nysa.pl\/atrakcje\/#breadcrumb\",\"itemListElement\":[{\"@type\":\"ListItem\",\"position\":1,\"name\":\"Strona g\u0142\u00f3wna\",\"item\":\"https:\/\/mewa.nysa.pl\/\"},{\"@type\":\"ListItem\",\"position\":2,\"name\":\"Atrakcje\"}]},{\"@type\":\"WebSite\",\"@id\":\"https:\/\/mewa.nysa.pl\/#website\",\"url\":\"https:\/\/mewa.nysa.pl\/\",\"name\":\"O\u015brodek Wypoczynkowy Mewa\",\"description\":\"Domki nad jeziorem Nyskim\",\"publisher\":{\"@id\":\"https:\/\/mewa.nysa.pl\/#organization\"},\"potentialAction\":[{\"@type\":\"SearchAction\",\"target\":{\"@type\":\"EntryPoint\",\"urlTemplate\":\"https:\/\/mewa.nysa.pl\/?s={search_term_string}\"},\"query-input\":{\"@type\":\"PropertyValueSpecification\",\"valueRequired\":true,\"valueName\":\"search_term_string\"}}],\"inLanguage\":\"cs\"},{\"@type\":\"Organization\",\"@id\":\"https:\/\/mewa.nysa.pl\/#organization\",\"name\":\"O\u015brodek Wypoczynkowy Mewa\",\"url\":\"https:\/\/mewa.nysa.pl\/\",\"logo\":{\"@type\":\"ImageObject\",\"inLanguage\":\"cs\",\"@id\":\"https:\/\/mewa.nysa.pl\/#\/schema\/logo\/image\/\",\"url\":\"https:\/\/mewa.nysa.pl\/wp-content\/uploads\/2022\/07\/Mewa_logo_v2.png\",\"contentUrl\":\"https:\/\/mewa.nysa.pl\/wp-content\/uploads\/2022\/07\/Mewa_logo_v2.png\",\"width\":225,\"height\":113,\"caption\":\"O\u015brodek Wypoczynkowy Mewa\"},\"image\":{\"@id\":\"https:\/\/mewa.nysa.pl\/#\/schema\/logo\/image\/\"}}]}<\/script>\n<!-- \/ Yoast SEO plugin. -->","yoast_head_json":{"title":"Atrakcje - O\u015brodek Wypoczynkowy Mewa","description":"O\u015brodek Wypoczynkowy Mewa mie\u015bci si\u0119 w Skorochowie - niewielkiej wsi, po\u0142o\u017conej nad jeziorem Nyskim. To ca\u0142oroczny, kameralny o\u015brodek domk\u00f3w i apartament\u00f3w, zaledwie 50m od Jeziora Nyskiego w Skorochowie. Miejsce doskona\u0142e na rodzinny wypoczynek z dzie\u0107mi oraz dla os\u00f3b ceni\u0105cych sobie spok\u00f3j, z dala od zgie\u0142ku miejskiego \u017cycia.","robots":{"index":"index","follow":"follow","max-snippet":"max-snippet:-1","max-image-preview":"max-image-preview:large","max-video-preview":"max-video-preview:-1"},"canonical":"https:\/\/mewa.nysa.pl\/cs\/atrakcje\/","twitter_card":"summary_large_image","twitter_title":"Atrakcje - O\u015brodek Wypoczynkowy Mewa","twitter_description":"O\u015brodek Wypoczynkowy Mewa mie\u015bci si\u0119 w Skorochowie - niewielkiej wsi, po\u0142o\u017conej nad jeziorem Nyskim. To ca\u0142oroczny, kameralny o\u015brodek domk\u00f3w i apartament\u00f3w, zaledwie 50m od Jeziora Nyskiego w Skorochowie. Miejsce doskona\u0142e na rodzinny wypoczynek z dzie\u0107mi oraz dla os\u00f3b ceni\u0105cych sobie spok\u00f3j, z dala od zgie\u0142ku miejskiego \u017cycia.","twitter_image":"https:\/\/mewa.nysa.pl\/wp-content\/uploads\/2022\/08\/Budynki-min.jpg","schema":{"@context":"https:\/\/schema.org","@graph":[{"@type":"WebPage","@id":"https:\/\/mewa.nysa.pl\/atrakcje\/","url":"https:\/\/mewa.nysa.pl\/atrakcje\/","name":"Atrakcje - O\u015brodek Wypoczynkowy Mewa","isPartOf":{"@id":"https:\/\/mewa.nysa.pl\/#website"},"primaryImageOfPage":{"@id":"https:\/\/mewa.nysa.pl\/atrakcje\/#primaryimage"},"image":{"@id":"https:\/\/mewa.nysa.pl\/atrakcje\/#primaryimage"},"thumbnailUrl":"https:\/\/mewa.nysa.pl\/wp-content\/uploads\/2022\/08\/Budynki-min.jpg","datePublished":"2022-02-02T09:36:34+00:00","dateModified":"2023-03-17T07:22:22+00:00","description":"O\u015brodek Wypoczynkowy Mewa mie\u015bci si\u0119 w Skorochowie - niewielkiej wsi, po\u0142o\u017conej nad jeziorem Nyskim. To ca\u0142oroczny, kameralny o\u015brodek domk\u00f3w i apartament\u00f3w, zaledwie 50m od Jeziora Nyskiego w Skorochowie. Miejsce doskona\u0142e na rodzinny wypoczynek z dzie\u0107mi oraz dla os\u00f3b ceni\u0105cych sobie spok\u00f3j, z dala od zgie\u0142ku miejskiego \u017cycia.","breadcrumb":{"@id":"https:\/\/mewa.nysa.pl\/atrakcje\/#breadcrumb"},"inLanguage":"cs","potentialAction":[{"@type":"ReadAction","target":["https:\/\/mewa.nysa.pl\/atrakcje\/"]}]},{"@type":"ImageObject","inLanguage":"cs","@id":"https:\/\/mewa.nysa.pl\/atrakcje\/#primaryimage","url":"https:\/\/mewa.nysa.pl\/wp-content\/uploads\/2022\/08\/Budynki-min.jpg","contentUrl":"https:\/\/mewa.nysa.pl\/wp-content\/uploads\/2022\/08\/Budynki-min.jpg","width":1920,"height":600},{"@type":"BreadcrumbList","@id":"https:\/\/mewa.nysa.pl\/atrakcje\/#breadcrumb","itemListElement":[{"@type":"ListItem","position":1,"name":"Strona g\u0142\u00f3wna","item":"https:\/\/mewa.nysa.pl\/"},{"@type":"ListItem","position":2,"name":"Atrakcje"}]},{"@type":"WebSite","@id":"https:\/\/mewa.nysa.pl\/#website","url":"https:\/\/mewa.nysa.pl\/","name":"O\u015brodek Wypoczynkowy Mewa","description":"Domki nad jeziorem Nyskim","publisher":{"@id":"https:\/\/mewa.nysa.pl\/#organization"},"potentialAction":[{"@type":"SearchAction","target":{"@type":"EntryPoint","urlTemplate":"https:\/\/mewa.nysa.pl\/?s={search_term_string}"},"query-input":{"@type":"PropertyValueSpecification","valueRequired":true,"valueName":"search_term_string"}}],"inLanguage":"cs"},{"@type":"Organization","@id":"https:\/\/mewa.nysa.pl\/#organization","name":"O\u015brodek Wypoczynkowy Mewa","url":"https:\/\/mewa.nysa.pl\/","logo":{"@type":"ImageObject","inLanguage":"cs","@id":"https:\/\/mewa.nysa.pl\/#\/schema\/logo\/image\/","url":"https:\/\/mewa.nysa.pl\/wp-content\/uploads\/2022\/07\/Mewa_logo_v2.png","contentUrl":"https:\/\/mewa.nysa.pl\/wp-content\/uploads\/2022\/07\/Mewa_logo_v2.png","width":225,"height":113,"caption":"O\u015brodek Wypoczynkowy Mewa"},"image":{"@id":"https:\/\/mewa.nysa.pl\/#\/schema\/logo\/image\/"}}]}},"_links":{"self":[{"href":"https:\/\/mewa.nysa.pl\/cs\/wp-json\/wp\/v2\/pages\/416"}],"collection":[{"href":"https:\/\/mewa.nysa.pl\/cs\/wp-json\/wp\/v2\/pages"}],"about":[{"href":"https:\/\/mewa.nysa.pl\/cs\/wp-json\/wp\/v2\/types\/page"}],"author":[{"embeddable":true,"href":"https:\/\/mewa.nysa.pl\/cs\/wp-json\/wp\/v2\/users\/3"}],"replies":[{"embeddable":true,"href":"https:\/\/mewa.nysa.pl\/cs\/wp-json\/wp\/v2\/comments?post=416"}],"version-history":[{"count":31,"href":"https:\/\/mewa.nysa.pl\/cs\/wp-json\/wp\/v2\/pages\/416\/revisions"}],"predecessor-version":[{"id":1004,"href":"https:\/\/mewa.nysa.pl\/cs\/wp-json\/wp\/v2\/pages\/416\/revisions\/1004"}],"wp:featuredmedia":[{"embeddable":true,"href":"https:\/\/mewa.nysa.pl\/cs\/wp-json\/wp\/v2\/media\/842"}],"wp:attachment":[{"href":"https:\/\/mewa.nysa.pl\/cs\/wp-json\/wp\/v2\/media?parent=416"}],"curies":[{"name":"wp","href":"https:\/\/api.w.org\/{rel}","templated":true}]}}