{"id":20,"date":"2021-12-20T08:27:45","date_gmt":"2021-12-20T07:27:45","guid":{"rendered":"https:\/\/mewa.nysa.pl\/?page_id=20"},"modified":"2022-07-22T15:50:55","modified_gmt":"2022-07-22T13:50:55","slug":"kontakt","status":"publish","type":"page","link":"https:\/\/mewa.nysa.pl\/en\/kontakt\/","title":{"rendered":"Contact"},"content":{"rendered":"","protected":false},"excerpt":{"rendered":"","protected":false},"author":3,"featured_media":801,"parent":0,"menu_order":6,"comment_status":"closed","ping_status":"closed","template":"","meta":{"footnotes":""},"class_list":["post-20","page","type-page","status-publish","has-post-thumbnail","hentry"],"acf":[],"yoast_head":"<!-- This site is optimized with the Yoast SEO plugin v23.4 - https:\/\/yoast.com\/wordpress\/plugins\/seo\/ -->\n<title>Kontakt - O\u015brodek Wypoczynkowy Mewa<\/title>\n<meta name=\"description\" content=\"O\u015brodek Wypoczynkowy Mewa mie\u015bci si\u0119 w Skorochowie - niewielkiej wsi, po\u0142o\u017conej nad jeziorem Nyskim. To ca\u0142oroczny, kameralny o\u015brodek domk\u00f3w i apartament\u00f3w, zaledwie 50m od Jeziora Nyskiego w Skorochowie. Miejsce doskona\u0142e na rodzinny wypoczynek z dzie\u0107mi oraz dla os\u00f3b ceni\u0105cych sobie spok\u00f3j, z dala od zgie\u0142ku miejskiego \u017cycia.\" \/>\n<meta name=\"robots\" content=\"index, follow, max-snippet:-1, max-image-preview:large, max-video-preview:-1\" \/>\n<link rel=\"canonical\" href=\"https:\/\/mewa.nysa.pl\/en\/kontakt\/\" \/>\n<meta name=\"twitter:card\" content=\"summary_large_image\" \/>\n<meta name=\"twitter:title\" content=\"Kontakt - O\u015brodek Wypoczynkowy Mewa\" \/>\n<meta name=\"twitter:description\" content=\"O\u015brodek Wypoczynkowy Mewa mie\u015bci si\u0119 w Skorochowie - niewielkiej wsi, po\u0142o\u017conej nad jeziorem Nyskim. To ca\u0142oroczny, kameralny o\u015brodek domk\u00f3w i apartament\u00f3w, zaledwie 50m od Jeziora Nyskiego w Skorochowie. Miejsce doskona\u0142e na rodzinny wypoczynek z dzie\u0107mi oraz dla os\u00f3b ceni\u0105cych sobie spok\u00f3j, z dala od zgie\u0142ku miejskiego \u017cycia.\" \/>\n<meta name=\"twitter:image\" content=\"https:\/\/mewa.nysa.pl\/wp-content\/uploads\/2022\/07\/mewa4.jpg\" \/>\n<script type=\"application\/ld+json\" class=\"yoast-schema-graph\">{\"@context\":\"https:\/\/schema.org\",\"@graph\":[{\"@type\":\"WebPage\",\"@id\":\"https:\/\/mewa.nysa.pl\/kontakt\/\",\"url\":\"https:\/\/mewa.nysa.pl\/kontakt\/\",\"name\":\"Kontakt - O\u015brodek Wypoczynkowy Mewa\",\"isPartOf\":{\"@id\":\"https:\/\/mewa.nysa.pl\/#website\"},\"primaryImageOfPage\":{\"@id\":\"https:\/\/mewa.nysa.pl\/kontakt\/#primaryimage\"},\"image\":{\"@id\":\"https:\/\/mewa.nysa.pl\/kontakt\/#primaryimage\"},\"thumbnailUrl\":\"https:\/\/mewa.nysa.pl\/wp-content\/uploads\/2022\/07\/mewa4.jpg\",\"datePublished\":\"2021-12-20T07:27:45+00:00\",\"dateModified\":\"2022-07-22T13:50:55+00:00\",\"description\":\"O\u015brodek Wypoczynkowy Mewa mie\u015bci si\u0119 w Skorochowie - niewielkiej wsi, po\u0142o\u017conej nad jeziorem Nyskim. To ca\u0142oroczny, kameralny o\u015brodek domk\u00f3w i apartament\u00f3w, zaledwie 50m od Jeziora Nyskiego w Skorochowie. Miejsce doskona\u0142e na rodzinny wypoczynek z dzie\u0107mi oraz dla os\u00f3b ceni\u0105cych sobie spok\u00f3j, z dala od zgie\u0142ku miejskiego \u017cycia.\",\"breadcrumb\":{\"@id\":\"https:\/\/mewa.nysa.pl\/kontakt\/#breadcrumb\"},\"inLanguage\":\"en-GB\",\"potentialAction\":[{\"@type\":\"ReadAction\",\"target\":[\"https:\/\/mewa.nysa.pl\/kontakt\/\"]}]},{\"@type\":\"ImageObject\",\"inLanguage\":\"en-GB\",\"@id\":\"https:\/\/mewa.nysa.pl\/kontakt\/#primaryimage\",\"url\":\"https:\/\/mewa.nysa.pl\/wp-content\/uploads\/2022\/07\/mewa4.jpg\",\"contentUrl\":\"https:\/\/mewa.nysa.pl\/wp-content\/uploads\/2022\/07\/mewa4.jpg\",\"width\":1262,\"height\":691},{\"@type\":\"BreadcrumbList\",\"@id\":\"https:\/\/mewa.nysa.pl\/kontakt\/#breadcrumb\",\"itemListElement\":[{\"@type\":\"ListItem\",\"position\":1,\"name\":\"Strona g\u0142\u00f3wna\",\"item\":\"https:\/\/mewa.nysa.pl\/\"},{\"@type\":\"ListItem\",\"position\":2,\"name\":\"Kontakt\"}]},{\"@type\":\"WebSite\",\"@id\":\"https:\/\/mewa.nysa.pl\/#website\",\"url\":\"https:\/\/mewa.nysa.pl\/\",\"name\":\"O\u015brodek Wypoczynkowy Mewa\",\"description\":\"Domki nad jeziorem Nyskim\",\"publisher\":{\"@id\":\"https:\/\/mewa.nysa.pl\/#organization\"},\"potentialAction\":[{\"@type\":\"SearchAction\",\"target\":{\"@type\":\"EntryPoint\",\"urlTemplate\":\"https:\/\/mewa.nysa.pl\/?s={search_term_string}\"},\"query-input\":{\"@type\":\"PropertyValueSpecification\",\"valueRequired\":true,\"valueName\":\"search_term_string\"}}],\"inLanguage\":\"en-GB\"},{\"@type\":\"Organization\",\"@id\":\"https:\/\/mewa.nysa.pl\/#organization\",\"name\":\"O\u015brodek Wypoczynkowy Mewa\",\"url\":\"https:\/\/mewa.nysa.pl\/\",\"logo\":{\"@type\":\"ImageObject\",\"inLanguage\":\"en-GB\",\"@id\":\"https:\/\/mewa.nysa.pl\/#\/schema\/logo\/image\/\",\"url\":\"https:\/\/mewa.nysa.pl\/wp-content\/uploads\/2022\/07\/Mewa_logo_v2.png\",\"contentUrl\":\"https:\/\/mewa.nysa.pl\/wp-content\/uploads\/2022\/07\/Mewa_logo_v2.png\",\"width\":225,\"height\":113,\"caption\":\"O\u015brodek Wypoczynkowy Mewa\"},\"image\":{\"@id\":\"https:\/\/mewa.nysa.pl\/#\/schema\/logo\/image\/\"}}]}<\/script>\n<!-- \/ Yoast SEO plugin. -->","yoast_head_json":{"title":"Kontakt - O\u015brodek Wypoczynkowy Mewa","description":"O\u015brodek Wypoczynkowy Mewa mie\u015bci si\u0119 w Skorochowie - niewielkiej wsi, po\u0142o\u017conej nad jeziorem Nyskim. To ca\u0142oroczny, kameralny o\u015brodek domk\u00f3w i apartament\u00f3w, zaledwie 50m od Jeziora Nyskiego w Skorochowie. Miejsce doskona\u0142e na rodzinny wypoczynek z dzie\u0107mi oraz dla os\u00f3b ceni\u0105cych sobie spok\u00f3j, z dala od zgie\u0142ku miejskiego \u017cycia.","robots":{"index":"index","follow":"follow","max-snippet":"max-snippet:-1","max-image-preview":"max-image-preview:large","max-video-preview":"max-video-preview:-1"},"canonical":"https:\/\/mewa.nysa.pl\/en\/kontakt\/","twitter_card":"summary_large_image","twitter_title":"Kontakt - O\u015brodek Wypoczynkowy Mewa","twitter_description":"O\u015brodek Wypoczynkowy Mewa mie\u015bci si\u0119 w Skorochowie - niewielkiej wsi, po\u0142o\u017conej nad jeziorem Nyskim. To ca\u0142oroczny, kameralny o\u015brodek domk\u00f3w i apartament\u00f3w, zaledwie 50m od Jeziora Nyskiego w Skorochowie. Miejsce doskona\u0142e na rodzinny wypoczynek z dzie\u0107mi oraz dla os\u00f3b ceni\u0105cych sobie spok\u00f3j, z dala od zgie\u0142ku miejskiego \u017cycia.","twitter_image":"https:\/\/mewa.nysa.pl\/wp-content\/uploads\/2022\/07\/mewa4.jpg","schema":{"@context":"https:\/\/schema.org","@graph":[{"@type":"WebPage","@id":"https:\/\/mewa.nysa.pl\/kontakt\/","url":"https:\/\/mewa.nysa.pl\/kontakt\/","name":"Kontakt - O\u015brodek Wypoczynkowy Mewa","isPartOf":{"@id":"https:\/\/mewa.nysa.pl\/#website"},"primaryImageOfPage":{"@id":"https:\/\/mewa.nysa.pl\/kontakt\/#primaryimage"},"image":{"@id":"https:\/\/mewa.nysa.pl\/kontakt\/#primaryimage"},"thumbnailUrl":"https:\/\/mewa.nysa.pl\/wp-content\/uploads\/2022\/07\/mewa4.jpg","datePublished":"2021-12-20T07:27:45+00:00","dateModified":"2022-07-22T13:50:55+00:00","description":"O\u015brodek Wypoczynkowy Mewa mie\u015bci si\u0119 w Skorochowie - niewielkiej wsi, po\u0142o\u017conej nad jeziorem Nyskim. To ca\u0142oroczny, kameralny o\u015brodek domk\u00f3w i apartament\u00f3w, zaledwie 50m od Jeziora Nyskiego w Skorochowie. Miejsce doskona\u0142e na rodzinny wypoczynek z dzie\u0107mi oraz dla os\u00f3b ceni\u0105cych sobie spok\u00f3j, z dala od zgie\u0142ku miejskiego \u017cycia.","breadcrumb":{"@id":"https:\/\/mewa.nysa.pl\/kontakt\/#breadcrumb"},"inLanguage":"en-GB","potentialAction":[{"@type":"ReadAction","target":["https:\/\/mewa.nysa.pl\/kontakt\/"]}]},{"@type":"ImageObject","inLanguage":"en-GB","@id":"https:\/\/mewa.nysa.pl\/kontakt\/#primaryimage","url":"https:\/\/mewa.nysa.pl\/wp-content\/uploads\/2022\/07\/mewa4.jpg","contentUrl":"https:\/\/mewa.nysa.pl\/wp-content\/uploads\/2022\/07\/mewa4.jpg","width":1262,"height":691},{"@type":"BreadcrumbList","@id":"https:\/\/mewa.nysa.pl\/kontakt\/#breadcrumb","itemListElement":[{"@type":"ListItem","position":1,"name":"Strona g\u0142\u00f3wna","item":"https:\/\/mewa.nysa.pl\/"},{"@type":"ListItem","position":2,"name":"Kontakt"}]},{"@type":"WebSite","@id":"https:\/\/mewa.nysa.pl\/#website","url":"https:\/\/mewa.nysa.pl\/","name":"O\u015brodek Wypoczynkowy Mewa","description":"Domki nad jeziorem Nyskim","publisher":{"@id":"https:\/\/mewa.nysa.pl\/#organization"},"potentialAction":[{"@type":"SearchAction","target":{"@type":"EntryPoint","urlTemplate":"https:\/\/mewa.nysa.pl\/?s={search_term_string}"},"query-input":{"@type":"PropertyValueSpecification","valueRequired":true,"valueName":"search_term_string"}}],"inLanguage":"en-GB"},{"@type":"Organization","@id":"https:\/\/mewa.nysa.pl\/#organization","name":"O\u015brodek Wypoczynkowy Mewa","url":"https:\/\/mewa.nysa.pl\/","logo":{"@type":"ImageObject","inLanguage":"en-GB","@id":"https:\/\/mewa.nysa.pl\/#\/schema\/logo\/image\/","url":"https:\/\/mewa.nysa.pl\/wp-content\/uploads\/2022\/07\/Mewa_logo_v2.png","contentUrl":"https:\/\/mewa.nysa.pl\/wp-content\/uploads\/2022\/07\/Mewa_logo_v2.png","width":225,"height":113,"caption":"O\u015brodek Wypoczynkowy Mewa"},"image":{"@id":"https:\/\/mewa.nysa.pl\/#\/schema\/logo\/image\/"}}]}},"_links":{"self":[{"href":"https:\/\/mewa.nysa.pl\/en\/wp-json\/wp\/v2\/pages\/20"}],"collection":[{"href":"https:\/\/mewa.nysa.pl\/en\/wp-json\/wp\/v2\/pages"}],"about":[{"href":"https:\/\/mewa.nysa.pl\/en\/wp-json\/wp\/v2\/types\/page"}],"author":[{"embeddable":true,"href":"https:\/\/mewa.nysa.pl\/en\/wp-json\/wp\/v2\/users\/3"}],"replies":[{"embeddable":true,"href":"https:\/\/mewa.nysa.pl\/en\/wp-json\/wp\/v2\/comments?post=20"}],"version-history":[{"count":1,"href":"https:\/\/mewa.nysa.pl\/en\/wp-json\/wp\/v2\/pages\/20\/revisions"}],"predecessor-version":[{"id":21,"href":"https:\/\/mewa.nysa.pl\/en\/wp-json\/wp\/v2\/pages\/20\/revisions\/21"}],"wp:featuredmedia":[{"embeddable":true,"href":"https:\/\/mewa.nysa.pl\/en\/wp-json\/wp\/v2\/media\/801"}],"wp:attachment":[{"href":"https:\/\/mewa.nysa.pl\/en\/wp-json\/wp\/v2\/media?parent=20"}],"curies":[{"name":"wp","href":"https:\/\/api.w.org\/{rel}","templated":true}]}}